{"id":10351,"date":"2023-06-28T10:24:52","date_gmt":"2023-06-28T10:24:52","guid":{"rendered":"https:\/\/www.anstar.fi\/?page_id=10351"},"modified":"2025-02-12T12:14:16","modified_gmt":"2025-02-12T12:14:16","slug":"responsibility","status":"publish","type":"page","link":"https:\/\/www.anstar.fi\/en\/responsibility\/","title":{"rendered":"Responsibility"},"content":{"rendered":"<p>Founded in 1981, Anstar Oy is a Finnish family business specialising in the sales and manufacture of concrete structure connections and composite beams. Our headquarters is located in Vill\u00e4hde, Lahti. We have 44 employees, most of whom work in production. In addition, we employ several people through staffing service companies.<\/p>\n<p>Our main market area is Finland. In addition, exports account for a significant share of our sales. Our main export market is Europe. We export our products to Sweden, the Baltic states and Germany, for example.<\/p>\n<h2 style=\"color: #00a9e5; padding: 25px 0px 0px 0px; font-weight: bold;\">RESPONSIBILITY AS A STRATEGIC CHOICE<\/h2>\n<p>In autumn 2022, we prepared a comprehensive <strong>responsibility <\/strong><strong>programme<\/strong> to develop our operations. Our responsibility focuses on reducing emissions, increasing equality and safety in the work community, developing local cooperation and promoting a sustainable product range.<\/p>\n<p>This is our first responsibility report, and it covers the year 2022. In the report, we have utilised the GRI standard where applicable. Responsibility programme made by <a href=\"https:\/\/rodinia.fi\/en\/\">Rodinia Oy.<\/a><\/p>\n<p><a href=\"https:\/\/www.anstar.fi\/wp-content\/uploads\/2024\/06\/Anstar_responsibility_report_ENG.pdf\" target=\"_blank\" rel=\"noopener\"><img loading=\"lazy\" decoding=\"async\" class=\"alignnone wp-image-10352 size-full\" src=\"https:\/\/www.anstar.fi\/wp-content\/uploads\/2023\/06\/Anstar_lataa_vastuullisraporttimme_ENG.jpg\" alt=\"\" width=\"390\" height=\"145\" srcset=\"https:\/\/www.anstar.fi\/wp-content\/uploads\/2023\/06\/Anstar_lataa_vastuullisraporttimme_ENG.jpg 390w, https:\/\/www.anstar.fi\/wp-content\/uploads\/2023\/06\/Anstar_lataa_vastuullisraporttimme_ENG-300x112.jpg 300w\" sizes=\"auto, (max-width: 390px) 100vw, 390px\" \/><\/a><\/p>\n<h2 style=\"color: #00a9e5; padding: 25px 0px 0px 0px; font-weight: bold;\">FINANCIAL STABILITY<\/h2>\n<p>Anstar Oy is a financially sound family business with a strong financial base. Thanks to our long-term operations, the company\u2019s profitability was at an excellent level. On this basis, we are able to develop our responsibility purposefully by investing in, among other things, sustainable production, reducing environmental impacts and the safety of our personnel.<\/p>\n<h2 style=\"color: #00a9e5; padding: 25px 0px 0px 0px; font-weight: bold;\">QUALITY AND DOMESTICITY FIRST<\/h2>\n<p>The SMART STEEL\u2122 concept that we have developed enables efficient, modern construction even in difficult conditions. We provide designers and builders with products and dimensioning software that can be used to design structural solutions and connections in accordance with the latest standards.<\/p>\n<p>We manufacture products as standard steel parts and as projectproducts. Our products include A-BEAM<sup>\u00ae<\/sup>, ties, mounting plates, brackets and supports, balcony connections, bolts and shoes, rebar couplers and bracing truss couplers. We have\u00a0strict adherence to ISO quality systems. The products are CE certified according to EN-1090\u20131 up to class EXC4.<\/p>\n<p>We are a strongly domestic and value-based company. Serving our customers and the well-being of our staff is important to us. In addition, we want our business to leave a positive impact on society at large.<\/p>\n<h2 style=\"color: #00a9e5; padding: 25px 0px 0px 0px; font-weight: bold;\">VALUES, MISSION AND VISION<\/h2>\n<p>Our values:<\/p>\n<ul>\n<li>Customer-orientation<\/li>\n<li>Responsibility<\/li>\n<li>Domestic manufacture<\/li>\n<li>Continuous development<\/li>\n<li>Succeeding together<\/li>\n<\/ul>\n<h4>\u00a0<\/h4>\n<h4>OUR MISSION: Partner for demanding construction<\/h4>\n<p>With the help of our high-quality products, we offer comprehensive and customised solutions to our customers. Customer orientation strongly guides our operations, and we listen to the wishes and expectations of our customers on a regular basis.<\/p>\n<h4>OUR VISION: Creator of a better future<\/h4>\n<p>We closely monitor the changes taking place in the industry and constantly develop our own operations to become more sustainable.<\/p>\n<h2 style=\"color: #00a9e5; padding: 25px 0px 0px 0px; font-weight: bold;\">FOURFOLD TABLE OF OUR RESPONSIBILITY GOALS<\/h2>\n<p>We have defined the goals of our responsibility programme into four different categories, that together include all our operations.<\/p>\n<ol>\n<li>Reduction of emissions<\/li>\n<li>Fair and safe work community<\/li>\n<li>Local cooperation<\/li>\n<li>Sustainable product range\n<p>\u00a0<\/li>\n<\/ol>\n<p><img loading=\"lazy\" decoding=\"async\" class=\"alignnone wp-image-10356 size-full\" src=\"https:\/\/www.anstar.fi\/wp-content\/uploads\/2023\/06\/Anstar_vastuullisuus_nelikentta_ENG.png\" alt=\"\" width=\"1600\" height=\"723\" srcset=\"https:\/\/www.anstar.fi\/wp-content\/uploads\/2023\/06\/Anstar_vastuullisuus_nelikentta_ENG.png 1600w, https:\/\/www.anstar.fi\/wp-content\/uploads\/2023\/06\/Anstar_vastuullisuus_nelikentta_ENG-300x136.png 300w, https:\/\/www.anstar.fi\/wp-content\/uploads\/2023\/06\/Anstar_vastuullisuus_nelikentta_ENG-1024x463.png 1024w, https:\/\/www.anstar.fi\/wp-content\/uploads\/2023\/06\/Anstar_vastuullisuus_nelikentta_ENG-768x347.png 768w, https:\/\/www.anstar.fi\/wp-content\/uploads\/2023\/06\/Anstar_vastuullisuus_nelikentta_ENG-1536x694.png 1536w, https:\/\/www.anstar.fi\/wp-content\/uploads\/2023\/06\/Anstar_vastuullisuus_nelikentta_ENG-620x280.png 620w\" sizes=\"auto, (max-width: 1600px) 100vw, 1600px\" \/><\/p>\n<p>&nbsp;<\/p>\n<style>#sp-ea-10566 .spcollapsing { height: 0; overflow: hidden; transition-property: height;transition-duration: 300ms;}#sp-ea-10566.sp-easy-accordion>.sp-ea-single {margin-bottom: 10px; border: 1px solid #000000; }#sp-ea-10566.sp-easy-accordion>.sp-ea-single>.ea-header a {color: #000000;}#sp-ea-10566.sp-easy-accordion>.sp-ea-single>.sp-collapse>.ea-body {background: #fff; color: #000000;}#sp-ea-10566.sp-easy-accordion>.sp-ea-single {background: transparent;}#sp-ea-10566.sp-easy-accordion>.sp-ea-single>.ea-header a .ea-expand-icon { float: right; color: #00a9e5;font-size: 16px;}#sp-ea-10566.sp-easy-accordion>.sp-ea-single>.ea-header a .ea-expand-icon {margin-right: 0;}.sp-easy-accordion > .sp-ea-single {\r\n  border:0px solid #000000 !important;\r\n  border-bottom: 1px solid #000000 !important; \r\n  border-radius: 0 !important; \r\n}\r\n\r\n.sp-easy-accordion > .sp-ea-single:first-child {\r\n\tborder-top: 1px solid #000000 !important;\r\n}\r\n\r\n.sp-easy-accordion {\r\n\tmargin-bottom:25px; \r\n}<\/style><div id=\"sp_easy_accordion-1691575189\"><div id=\"sp-ea-10566\" class=\"sp-ea-one sp-easy-accordion\" data-ea-active=\"ea-click\" data-ea-mode=\"vertical\" data-preloader=\"\" data-scroll-active-item=\"\" data-offset-to-scroll=\"0\"><div class=\"ea-card sp-ea-single\"><h3 class=\"ea-header\"><a class=\"collapsed\" id=\"ea-header-105660\" role=\"button\" data-sptoggle=\"spcollapse\" data-sptarget=\"#collapse105660\" aria-controls=\"collapse105660\" href=\"#\" aria-expanded=\"false\" tabindex=\"0\"><i aria-hidden=\"true\" role=\"presentation\" class=\"ea-expand-icon eap-icon-ea-expand-plus\"><\/i> Reduction of emissions<\/a><\/h3><div class=\"sp-collapse spcollapse spcollapse\" id=\"collapse105660\" data-parent=\"#sp-ea-10566\" role=\"region\" aria-labelledby=\"ea-header-105660\"> <div class=\"ea-body\"><p>We are committed to reducing our carbon footprint by 25% relative to turnover by 2030. The benchmark is our carbon footprint from 2020 calculated together with <a href=\"https:\/\/greencarbon.fi\/front\/\">Green Carbon Oy.<\/a><\/p><p><img loading=\"lazy\" decoding=\"async\" class=\"alignnone wp-image-10354 size-full\" src=\"https:\/\/www.anstar.fi\/wp-content\/uploads\/2023\/06\/Anstar_vastuullisuus_taulukot_ENG.jpg\" alt=\"\" width=\"700\" height=\"250\" srcset=\"https:\/\/www.anstar.fi\/wp-content\/uploads\/2023\/06\/Anstar_vastuullisuus_taulukot_ENG.jpg 700w, https:\/\/www.anstar.fi\/wp-content\/uploads\/2023\/06\/Anstar_vastuullisuus_taulukot_ENG-300x107.jpg 300w, https:\/\/www.anstar.fi\/wp-content\/uploads\/2023\/06\/Anstar_vastuullisuus_taulukot_ENG-620x221.jpg 620w\" sizes=\"auto, (max-width: 700px) 100vw, 700px\" \/><\/p><p>In 2020, our carbon footprint totalled 3,438.50 t CO2e. Relative to turnover, the carbon footprint was 264.50 t CO 2 e per MEUR. Most of the emissions came from the company\u2019s indirect emissions (Scope<br \/>3), which in our case mainly consists of raw materials, transport, waste, gases, packaging materials and fuel production. The next emission calculation will be carried out in 2023 concerning the year 2022.<\/p><p><strong>Green Carbon Oy:n<\/strong> kanssa tekem\u00e4mme hiilijalanj\u00e4ljen laskennan ansiosta olemme saaneet konkretiaa p\u00e4\u00e4st\u00f6v\u00e4hennystavoitteellemme. Thanks to our carbon footprint calculation done in collaboration with <strong>Green Carbon Oy<\/strong>, we have made our emission reduction target more concrete. The carbon footprint calculation for 2020 serves as a benchmark and an important guide for our measures. Examples of the measures include the use of renewable energy, switching to carbon-neutral gases and increasing the amount of recycled material in our products.<\/p><\/div><\/div><\/div><div class=\"ea-card sp-ea-single\"><h3 class=\"ea-header\"><a class=\"collapsed\" id=\"ea-header-105661\" role=\"button\" data-sptoggle=\"spcollapse\" data-sptarget=\"#collapse105661\" aria-controls=\"collapse105661\" href=\"#\" aria-expanded=\"false\" tabindex=\"0\"><i aria-hidden=\"true\" role=\"presentation\" class=\"ea-expand-icon eap-icon-ea-expand-plus\"><\/i> Fair and safe work community<\/a><\/h3><div class=\"sp-collapse spcollapse spcollapse\" id=\"collapse105661\" data-parent=\"#sp-ea-10566\" role=\"region\" aria-labelledby=\"ea-header-105661\"> <div class=\"ea-body\"><p>Increasing the diversity of the work community has been identified as one of the development targets of the responsibility programme. Anstar wants to increase the share of employees from different backgrounds in the personnel.<\/p><p>Employees of different educational backgrounds, genders and ages bring their own expertise and vision to product development, for example. We see this as a resource and an opportunity to develop our business and create new innovations. A diverse work community can increase competitiveness in the long term. As a responsible employer, we support equal opportunities for our employees by guaranteeing a fair wage and a safe and healthy working environment for everyone.<\/p><\/div><\/div><\/div><div class=\"ea-card sp-ea-single\"><h3 class=\"ea-header\"><a class=\"collapsed\" id=\"ea-header-105662\" role=\"button\" data-sptoggle=\"spcollapse\" data-sptarget=\"#collapse105662\" aria-controls=\"collapse105662\" href=\"#\" aria-expanded=\"false\" tabindex=\"0\"><i aria-hidden=\"true\" role=\"presentation\" class=\"ea-expand-icon eap-icon-ea-expand-plus\"><\/i> Local cooperation<\/a><\/h3><div class=\"sp-collapse spcollapse spcollapse\" id=\"collapse105662\" data-parent=\"#sp-ea-10566\" role=\"region\" aria-labelledby=\"ea-header-105662\"> <div class=\"ea-body\"><p>Local cooperation is one of the priority areas of our responsibility programme. Our goal is to intensify cooperation with the city and local educational institutions. Enterprises have a significant impact on the local community and regional living conditions. That is why we consider our role as an employer and competence developer to be essential.<\/p><p>In the Lahti region, we have opportunities to develop cooperation between companies as well as the ecosystem, as the geographical location is very good. We are particularly interested in participating in city projects promoting entrepreneurship and sustainable development. Through local cooperation, we aim to develop the attractiveness of P\u00e4ij\u00e4t-H\u00e4me in the long term. We hope that new businesses and new<br \/>jobs will be attracted to the region. The provision of local employment opportunities also has a wider impact on migration.<\/p><h4>\u00a0<\/h4><h4>\u00a0<\/h4><\/div><\/div><\/div><div class=\"ea-card sp-ea-single\"><h3 class=\"ea-header\"><a class=\"collapsed\" id=\"ea-header-105663\" role=\"button\" data-sptoggle=\"spcollapse\" data-sptarget=\"#collapse105663\" aria-controls=\"collapse105663\" href=\"#\" aria-expanded=\"false\" tabindex=\"0\"><i aria-hidden=\"true\" role=\"presentation\" class=\"ea-expand-icon eap-icon-ea-expand-plus\"><\/i> Sustainable product range<\/a><\/h3><div class=\"sp-collapse spcollapse spcollapse\" id=\"collapse105663\" data-parent=\"#sp-ea-10566\" role=\"region\" aria-labelledby=\"ea-header-105663\"> <div class=\"ea-body\"><p>We intend to increase the number of sustainable and environmentally friendly innovations and products. To do this, we will map the environmental impact of our existing products and make Environmental Product Declarations (EPD) for all our product groups.<\/p><p>Based on a life cycle analysis, the EPD is a voluntary and standardised way of reliably presenting relevant, verified and comparable information on the environmental impact of a manufactured product<br \/>group. With the help of EPDs, we offer our stakeholders an easy way to compare the environmental impacts of our products and make more informed purchasing decisions.<\/p><\/div><\/div><\/div><\/div><\/div>\n","protected":false},"excerpt":{"rendered":"<p>Founded in 1981, Anstar Oy is a Finnish family business specialising in the sales and<\/p>\n","protected":false},"author":2,"featured_media":10128,"parent":0,"menu_order":0,"comment_status":"closed","ping_status":"closed","template":"subpage.php","meta":{"_acf_changed":false,"footnotes":""},"class_list":["post-10351","page","type-page","status-publish","has-post-thumbnail","hentry"],"acf":[],"yoast_head":"<!-- This site is optimized with the Yoast SEO plugin v27.4 - https:\/\/yoast.com\/product\/yoast-seo-wordpress\/ -->\n<title>Responsibility | Anstar Oy<\/title>\n<meta name=\"robots\" content=\"index, follow, max-snippet:-1, max-image-preview:large, max-video-preview:-1\" \/>\n<link rel=\"canonical\" href=\"https:\/\/www.anstar.fi\/en\/responsibility\/\" \/>\n<meta property=\"og:locale\" content=\"en_US\" \/>\n<meta property=\"og:type\" content=\"article\" \/>\n<meta property=\"og:title\" content=\"Responsibility | Anstar Oy\" \/>\n<meta property=\"og:description\" content=\"Founded in 1981, Anstar Oy is a Finnish family business specialising in the sales and\" \/>\n<meta property=\"og:url\" content=\"https:\/\/www.anstar.fi\/en\/responsibility\/\" \/>\n<meta property=\"og:site_name\" content=\"Anstar Oy\" \/>\n<meta property=\"article:modified_time\" content=\"2025-02-12T12:14:16+00:00\" \/>\n<meta property=\"og:image\" content=\"https:\/\/www.anstar.fi\/wp-content\/uploads\/2023\/05\/Anstar_headerkuvat_1920x380_vastuullisuus2.jpg\" \/>\n\t<meta property=\"og:image:width\" content=\"1920\" \/>\n\t<meta property=\"og:image:height\" content=\"380\" \/>\n\t<meta property=\"og:image:type\" content=\"image\/jpeg\" \/>\n<meta name=\"twitter:card\" content=\"summary_large_image\" \/>\n<meta name=\"twitter:label1\" content=\"Est. reading time\" \/>\n\t<meta name=\"twitter:data1\" content=\"4 minutes\" \/>\n<script type=\"application\/ld+json\" class=\"yoast-schema-graph\">{\"@context\":\"https:\\\/\\\/schema.org\",\"@graph\":[{\"@type\":\"WebPage\",\"@id\":\"https:\\\/\\\/www.anstar.fi\\\/en\\\/responsibility\\\/\",\"url\":\"https:\\\/\\\/www.anstar.fi\\\/en\\\/responsibility\\\/\",\"name\":\"Responsibility | Anstar Oy\",\"isPartOf\":{\"@id\":\"https:\\\/\\\/www.anstar.fi\\\/#website\"},\"primaryImageOfPage\":{\"@id\":\"https:\\\/\\\/www.anstar.fi\\\/en\\\/responsibility\\\/#primaryimage\"},\"image\":{\"@id\":\"https:\\\/\\\/www.anstar.fi\\\/en\\\/responsibility\\\/#primaryimage\"},\"thumbnailUrl\":\"https:\\\/\\\/www.anstar.fi\\\/wp-content\\\/uploads\\\/2023\\\/05\\\/Anstar_headerkuvat_1920x380_vastuullisuus2.jpg\",\"datePublished\":\"2023-06-28T10:24:52+00:00\",\"dateModified\":\"2025-02-12T12:14:16+00:00\",\"breadcrumb\":{\"@id\":\"https:\\\/\\\/www.anstar.fi\\\/en\\\/responsibility\\\/#breadcrumb\"},\"inLanguage\":\"en-US\",\"potentialAction\":[{\"@type\":\"ReadAction\",\"target\":[\"https:\\\/\\\/www.anstar.fi\\\/en\\\/responsibility\\\/\"]}]},{\"@type\":\"ImageObject\",\"inLanguage\":\"en-US\",\"@id\":\"https:\\\/\\\/www.anstar.fi\\\/en\\\/responsibility\\\/#primaryimage\",\"url\":\"https:\\\/\\\/www.anstar.fi\\\/wp-content\\\/uploads\\\/2023\\\/05\\\/Anstar_headerkuvat_1920x380_vastuullisuus2.jpg\",\"contentUrl\":\"https:\\\/\\\/www.anstar.fi\\\/wp-content\\\/uploads\\\/2023\\\/05\\\/Anstar_headerkuvat_1920x380_vastuullisuus2.jpg\",\"width\":1920,\"height\":380},{\"@type\":\"BreadcrumbList\",\"@id\":\"https:\\\/\\\/www.anstar.fi\\\/en\\\/responsibility\\\/#breadcrumb\",\"itemListElement\":[{\"@type\":\"ListItem\",\"position\":1,\"name\":\"Etusivu\",\"item\":\"https:\\\/\\\/www.anstar.fi\\\/en\\\/\"},{\"@type\":\"ListItem\",\"position\":2,\"name\":\"Responsibility\"}]},{\"@type\":\"WebSite\",\"@id\":\"https:\\\/\\\/www.anstar.fi\\\/#website\",\"url\":\"https:\\\/\\\/www.anstar.fi\\\/\",\"name\":\"Anstar Oy\",\"description\":\"\",\"potentialAction\":[{\"@type\":\"SearchAction\",\"target\":{\"@type\":\"EntryPoint\",\"urlTemplate\":\"https:\\\/\\\/www.anstar.fi\\\/?s={search_term_string}\"},\"query-input\":{\"@type\":\"PropertyValueSpecification\",\"valueRequired\":true,\"valueName\":\"search_term_string\"}}],\"inLanguage\":\"en-US\"}]}<\/script>\n<!-- \/ Yoast SEO plugin. -->","yoast_head_json":{"title":"Responsibility | Anstar Oy","robots":{"index":"index","follow":"follow","max-snippet":"max-snippet:-1","max-image-preview":"max-image-preview:large","max-video-preview":"max-video-preview:-1"},"canonical":"https:\/\/www.anstar.fi\/en\/responsibility\/","og_locale":"en_US","og_type":"article","og_title":"Responsibility | Anstar Oy","og_description":"Founded in 1981, Anstar Oy is a Finnish family business specialising in the sales and","og_url":"https:\/\/www.anstar.fi\/en\/responsibility\/","og_site_name":"Anstar Oy","article_modified_time":"2025-02-12T12:14:16+00:00","og_image":[{"width":1920,"height":380,"url":"https:\/\/www.anstar.fi\/wp-content\/uploads\/2023\/05\/Anstar_headerkuvat_1920x380_vastuullisuus2.jpg","type":"image\/jpeg"}],"twitter_card":"summary_large_image","twitter_misc":{"Est. reading time":"4 minutes"},"schema":{"@context":"https:\/\/schema.org","@graph":[{"@type":"WebPage","@id":"https:\/\/www.anstar.fi\/en\/responsibility\/","url":"https:\/\/www.anstar.fi\/en\/responsibility\/","name":"Responsibility | Anstar Oy","isPartOf":{"@id":"https:\/\/www.anstar.fi\/#website"},"primaryImageOfPage":{"@id":"https:\/\/www.anstar.fi\/en\/responsibility\/#primaryimage"},"image":{"@id":"https:\/\/www.anstar.fi\/en\/responsibility\/#primaryimage"},"thumbnailUrl":"https:\/\/www.anstar.fi\/wp-content\/uploads\/2023\/05\/Anstar_headerkuvat_1920x380_vastuullisuus2.jpg","datePublished":"2023-06-28T10:24:52+00:00","dateModified":"2025-02-12T12:14:16+00:00","breadcrumb":{"@id":"https:\/\/www.anstar.fi\/en\/responsibility\/#breadcrumb"},"inLanguage":"en-US","potentialAction":[{"@type":"ReadAction","target":["https:\/\/www.anstar.fi\/en\/responsibility\/"]}]},{"@type":"ImageObject","inLanguage":"en-US","@id":"https:\/\/www.anstar.fi\/en\/responsibility\/#primaryimage","url":"https:\/\/www.anstar.fi\/wp-content\/uploads\/2023\/05\/Anstar_headerkuvat_1920x380_vastuullisuus2.jpg","contentUrl":"https:\/\/www.anstar.fi\/wp-content\/uploads\/2023\/05\/Anstar_headerkuvat_1920x380_vastuullisuus2.jpg","width":1920,"height":380},{"@type":"BreadcrumbList","@id":"https:\/\/www.anstar.fi\/en\/responsibility\/#breadcrumb","itemListElement":[{"@type":"ListItem","position":1,"name":"Etusivu","item":"https:\/\/www.anstar.fi\/en\/"},{"@type":"ListItem","position":2,"name":"Responsibility"}]},{"@type":"WebSite","@id":"https:\/\/www.anstar.fi\/#website","url":"https:\/\/www.anstar.fi\/","name":"Anstar Oy","description":"","potentialAction":[{"@type":"SearchAction","target":{"@type":"EntryPoint","urlTemplate":"https:\/\/www.anstar.fi\/?s={search_term_string}"},"query-input":{"@type":"PropertyValueSpecification","valueRequired":true,"valueName":"search_term_string"}}],"inLanguage":"en-US"}]}},"_links":{"self":[{"href":"https:\/\/www.anstar.fi\/en\/wp-json\/wp\/v2\/pages\/10351","targetHints":{"allow":["GET"]}}],"collection":[{"href":"https:\/\/www.anstar.fi\/en\/wp-json\/wp\/v2\/pages"}],"about":[{"href":"https:\/\/www.anstar.fi\/en\/wp-json\/wp\/v2\/types\/page"}],"author":[{"embeddable":true,"href":"https:\/\/www.anstar.fi\/en\/wp-json\/wp\/v2\/users\/2"}],"replies":[{"embeddable":true,"href":"https:\/\/www.anstar.fi\/en\/wp-json\/wp\/v2\/comments?post=10351"}],"version-history":[{"count":24,"href":"https:\/\/www.anstar.fi\/en\/wp-json\/wp\/v2\/pages\/10351\/revisions"}],"predecessor-version":[{"id":13554,"href":"https:\/\/www.anstar.fi\/en\/wp-json\/wp\/v2\/pages\/10351\/revisions\/13554"}],"wp:featuredmedia":[{"embeddable":true,"href":"https:\/\/www.anstar.fi\/en\/wp-json\/wp\/v2\/media\/10128"}],"wp:attachment":[{"href":"https:\/\/www.anstar.fi\/en\/wp-json\/wp\/v2\/media?parent=10351"}],"curies":[{"name":"wp","href":"https:\/\/api.w.org\/{rel}","templated":true}]}}